{"id":3567,"date":"2025-03-03T01:24:55","date_gmt":"2025-03-02T23:24:55","guid":{"rendered":"https:\/\/naia.center\/?page_id=3567"},"modified":"2025-03-18T22:58:32","modified_gmt":"2025-03-18T20:58:32","slug":"rasa-smite","status":"publish","type":"page","link":"https:\/\/naia.center\/de\/rasa-smite\/","title":{"rendered":"SensUs Art Pilot Project @ Media Art is Here Festival"},"content":{"rendered":"\n<p><br><strong>SensUs. Augmented Nature-Cultures<\/strong><br><strong>Curated by Daria Mille, Rasa Smite and Raitis Smits. Artists: Anna Manankina, Jung Eun Lee, Isabella M\u00fcnnich, Sab\u012bne \u0160n\u0113, Jur\u0123is Peters, Rihards V\u012btols, Zane Zelmene.<\/strong><\/p>\n\n\n\n<p><em>SensUs&nbsp;<\/em>is an Augmented Reality exhibition that makes visible the invisible processes happening in the urban nature of Karlsruhe.&nbsp;<em>SensUs&nbsp;<\/em>artists have created virtual artworks interrogating the symbiotic relationship between biological and social processes, tracing historical and contemporary developments of nature\u2013culture, and visualising scientific, ecological and social data.<\/p>\n\n\n\n<p>The&nbsp;<em>SensUs&nbsp;<\/em>virtual artworks are geo-located in specific urban sites (such as museums of natural history, botanical gardens, city forests, or national parks) where nature\u2013culture manifests in its most intertwined and symbiotic way. By focusing on a more-than-human perspective, the&nbsp;<em>SensUs&nbsp;<\/em>exhibition challenges the previously dominant anthropocentric view of our environment and envisages the future of Karlsruhe as an inclusive and sustainable nature-culture city.<\/p>\n\n\n\n<p><a href=\"http:\/\/sensusart.rixc.org\/\">http:\/\/sensusart.rixc.org<\/a><\/p>\n\n\n\n<figure class=\"wp-block-image size-large\"><img loading=\"lazy\" decoding=\"async\" width=\"1024\" height=\"716\" src=\"https:\/\/naia.center\/wp-content\/uploads\/2025\/03\/all3-1024x716.jpg\" alt=\"\" class=\"wp-image-3569\" srcset=\"https:\/\/naia.center\/wp-content\/uploads\/2025\/03\/all3-1024x716.jpg 1024w, https:\/\/naia.center\/wp-content\/uploads\/2025\/03\/all3-300x210.jpg 300w, https:\/\/naia.center\/wp-content\/uploads\/2025\/03\/all3-768x537.jpg 768w, https:\/\/naia.center\/wp-content\/uploads\/2025\/03\/all3-1536x1074.jpg 1536w, https:\/\/naia.center\/wp-content\/uploads\/2025\/03\/all3.jpg 2000w\" sizes=\"auto, (max-width: 1024px) 100vw, 1024px\" \/><\/figure>\n","protected":false},"excerpt":{"rendered":"<p>SensUs. Augmented Nature-CulturesCurated by Daria Mille, Rasa Smite and Raitis Smits. Artists: Anna Manankina, Jung Eun Lee, Isabella M\u00fcnnich, Sab\u012bne \u0160n\u0113, Jur\u0123is Peters, Rihards V\u012btols, Zane Zelmene. SensUs&nbsp;is an Augmented Reality exhibition that makes visible the invisible processes happening in the urban nature of Karlsruhe.&nbsp;SensUs&nbsp;artists have created virtual artworks interrogating the symbiotic relationship between biological [&hellip;]<\/p>\n","protected":false},"author":1,"featured_media":0,"parent":0,"menu_order":0,"comment_status":"closed","ping_status":"closed","template":"","meta":{"_acf_changed":false,"footnotes":""},"class_list":["post-3567","page","type-page","status-publish","hentry"],"acf":[],"_links":{"self":[{"href":"https:\/\/naia.center\/de\/wp-json\/wp\/v2\/pages\/3567","targetHints":{"allow":["GET"]}}],"collection":[{"href":"https:\/\/naia.center\/de\/wp-json\/wp\/v2\/pages"}],"about":[{"href":"https:\/\/naia.center\/de\/wp-json\/wp\/v2\/types\/page"}],"author":[{"embeddable":true,"href":"https:\/\/naia.center\/de\/wp-json\/wp\/v2\/users\/1"}],"replies":[{"embeddable":true,"href":"https:\/\/naia.center\/de\/wp-json\/wp\/v2\/comments?post=3567"}],"version-history":[{"count":6,"href":"https:\/\/naia.center\/de\/wp-json\/wp\/v2\/pages\/3567\/revisions"}],"predecessor-version":[{"id":3612,"href":"https:\/\/naia.center\/de\/wp-json\/wp\/v2\/pages\/3567\/revisions\/3612"}],"wp:attachment":[{"href":"https:\/\/naia.center\/de\/wp-json\/wp\/v2\/media?parent=3567"}],"curies":[{"name":"wp","href":"https:\/\/api.w.org\/{rel}","templated":true}]}}