{"id":3535,"date":"2025-03-02T15:45:02","date_gmt":"2025-03-02T13:45:02","guid":{"rendered":"https:\/\/naia.center\/?page_id=3535"},"modified":"2025-09-01T01:03:21","modified_gmt":"2025-08-31T23:03:21","slug":"successful-naia-launch-included-three-new-developed-augmented-art-projects-presented-at-the-karlsruhe-unesco-city-of-media-arts-festival-media-art-is-here","status":"publish","type":"page","link":"https:\/\/naia.center\/de\/successful-naia-launch-included-three-new-developed-augmented-art-projects-presented-at-the-karlsruhe-unesco-city-of-media-arts-festival-media-art-is-here\/","title":{"rendered":"NAIA Artists @ Karslruhe UNESCO City of Media Arts"},"content":{"rendered":"\n<p><bdo lang=\"en\" dir=\"ltr\">The successful NAIA launch featured three newly developed augmented art projects presented at the Karlsruhe UNESCO City of Media Arts festival, <em>Media Art is Here<\/em><\/bdo>.<\/p>\n\n\n\n<p><strong>paper trees<\/strong><br><strong>Eva-Maria Lopez in cooperation with Maija Demitere and ASTE.gallery<\/strong><\/p>\n\n\n\n<figure class=\"wp-block-image\"><img decoding=\"async\" src=\"https:\/\/lh7-rt.googleusercontent.com\/docsz\/AD_4nXcz-UjoJAUo6-aGQM0Q5UpkUSx5Sf8uBt0g3mNoxc4eCt1-jHXNK9eI99VLa0pQ8rUtELW7xAeZZwaoPw86c8g_HI-duf-0EQW2a6-9ZmHuE0kXMqehXQag8IbHon8fja5Hs8METg?key=txXTMmlQWZr8DOxSn0DwOWjR\" alt=\"\"\/><\/figure>\n\n\n\n<p>The tree, an important element in biodiversity, is placed in relation to paper consumption in the artwork. Augmented reality is used to create virtual linden trees (Tilia cordata) and paper stacks. The paper stacks show the relationship of the tree as a producer of raw materials. For the global climate, the consumption of wood \u2013 for a daily product like paper \u2013 plays an important role, because every 5th tree is felled just for paper. In Germany, 55 kg of graphic paper, such as copy paper, is consumed per person and per year. The 12 virtual trees are therefore only enough for the annual needs of about 60 persons.<br>With AR, paper trees visualises the connection between nature&#8217;s resources and our own consumption in a new way.<br><a href=\"https:\/\/www.paper-trees.com\">https:\/\/www.paper-trees.com<\/a><br><\/p>\n\n\n\n<hr class=\"wp-block-separator has-alpha-channel-opacity is-style-dots\"\/>\n\n\n\n<hr class=\"wp-block-separator has-text-color has-white-color has-alpha-channel-opacity has-white-background-color has-background\"\/>\n\n<br>\n\n<p><strong>SensUs. Augmented Nature-Cultures<\/strong><br><strong>Curated by Daria Mille, Rasa Smite and Raitis Smits. Artists: Anna Manankina, Jung Eun Lee, Isabella M\u00fcnnich, Sab\u012bne \u0160n\u0113, Jur\u0123is Peters, Rihards V\u012btols, Zane Zelmene.<\/strong><\/p>\n\n\n\n<figure class=\"wp-block-image\"><img decoding=\"async\" src=\"https:\/\/lh7-rt.googleusercontent.com\/docsz\/AD_4nXeMqWM8RQ46t9RFjlsrfxdaYlUTDAfE-6wXldWSPq-sIAhu5tspI3IFHuVkMg-0QfWSCxyRV8EoRrN94EbgO1eobp2RHeXc_RQUQu9jM5cl9G7J2F2i7AcSVYxkWwmswb6RYPy8Fg?key=txXTMmlQWZr8DOxSn0DwOWjR\" alt=\"\"\/><\/figure>\n\n\n\n<p><em>SensUs&nbsp;<\/em>is an Augmented Reality exhibition that makes visible the invisible processes happening in the urban nature of Karlsruhe.&nbsp;<em>SensUs&nbsp;<\/em>artists have created virtual artworks interrogating the symbiotic relationship between biological and social processes, tracing historical and contemporary developments of nature\u2013culture, and visualising scientific, ecological and social data.<\/p>\n\n\n\n<p>The&nbsp;<em>SensUs&nbsp;<\/em>virtual artworks are geo-located in specific urban sites (such as museums of natural history, botanical gardens, city forests, or national parks) where nature-culture manifests in its most intertwined and symbiotic way. By focusing on a more-than-human perspective, the&nbsp;<em>SensUs&nbsp;<\/em>exhibition challenges the previously dominant anthropocentric view of our environment and envisages the future of Karlsruhe as an inclusive and sustainable nature-culture city. <br><a href=\"http:\/\/sensusart.rixc.org\">http:\/\/sensusart.rixc.org<\/a><br><\/p>\n\n\n\n<hr class=\"wp-block-separator has-alpha-channel-opacity is-style-dots\"\/>\n\n\n\n<hr class=\"wp-block-separator has-text-color has-white-color has-alpha-channel-opacity has-white-background-color has-background is-style-dots\"\/>\n\n\n\n<p><strong>Die Hochzeit von Himmel und H\u00f6lle<\/strong><br><strong>Gerardo Nolasco-R\u00f3zs\u00e1s<\/strong><\/p>\n\n\n\n<figure class=\"wp-block-image\"><img decoding=\"async\" src=\"https:\/\/lh7-rt.googleusercontent.com\/docsz\/AD_4nXd94yk0hLHgxNZqp0sLY8voCvnZId17_HVavbHMxl70Rr_Yq19Z6olKDrOWG-XeS0HMaoG52lC9JC_8zyY-eiIV8E8gBp6j5xjUWmbiGDzF32EQlzgfkdjPXZYVEU6FIEkSl4hmCA?key=txXTMmlQWZr8DOxSn0DwOWjR\" alt=\"\"\/><\/figure>\n\n\n\n<p>The title of this project is an homage to the book of the same name by poet William Blake which was written during a time of great political and social change due to the French Revolution. The AR-performance has two cartoon characters as the main actors: A hippopotamus (Rousseaus noble savage) is dancing with a crocodile (Thomas Hobbes Leviathan). This dance is the starting point for a reflection on our own personal natural state.<\/p>\n","protected":false},"excerpt":{"rendered":"<p>The successful NAIA launch featured three newly developed augmented art projects presented at the Karlsruhe UNESCO City of Media Arts festival, Media Art is Here. paper treesEva-Maria Lopez in cooperation with Maija Demitere and ASTE.gallery The tree, an important element in biodiversity, is placed in relation to paper consumption in the artwork. Augmented reality is [&hellip;]<\/p>\n","protected":false},"author":1,"featured_media":0,"parent":0,"menu_order":0,"comment_status":"closed","ping_status":"closed","template":"","meta":{"_acf_changed":false,"footnotes":""},"class_list":["post-3535","page","type-page","status-publish","hentry"],"acf":[],"_links":{"self":[{"href":"https:\/\/naia.center\/de\/wp-json\/wp\/v2\/pages\/3535","targetHints":{"allow":["GET"]}}],"collection":[{"href":"https:\/\/naia.center\/de\/wp-json\/wp\/v2\/pages"}],"about":[{"href":"https:\/\/naia.center\/de\/wp-json\/wp\/v2\/types\/page"}],"author":[{"embeddable":true,"href":"https:\/\/naia.center\/de\/wp-json\/wp\/v2\/users\/1"}],"replies":[{"embeddable":true,"href":"https:\/\/naia.center\/de\/wp-json\/wp\/v2\/comments?post=3535"}],"version-history":[{"count":21,"href":"https:\/\/naia.center\/de\/wp-json\/wp\/v2\/pages\/3535\/revisions"}],"predecessor-version":[{"id":3733,"href":"https:\/\/naia.center\/de\/wp-json\/wp\/v2\/pages\/3535\/revisions\/3733"}],"wp:attachment":[{"href":"https:\/\/naia.center\/de\/wp-json\/wp\/v2\/media?parent=3535"}],"curies":[{"name":"wp","href":"https:\/\/api.w.org\/{rel}","templated":true}]}}